{"id":74,"date":"2015-07-16T14:56:31","date_gmt":"2015-07-16T13:56:31","guid":{"rendered":"http:\/\/www.inocar.fr\/?page_id=74"},"modified":"2020-02-21T09:14:20","modified_gmt":"2020-02-21T08:14:20","slug":"vehicules-amenagement-amsreille-aubagne-13","status":"publish","type":"page","link":"http:\/\/www.inocar.fr\/index.php\/vehicules-amenagement-aubagne-marseille\/vehicules-amenagement-amsreille-aubagne-13\/","title":{"rendered":"sp\u00e9cifiques"},"content":{"rendered":"\t\t<div data-elementor-type=\"wp-post\" data-elementor-id=\"74\" class=\"elementor elementor-74\">\n\t\t\t\t\t\t<section class=\"has_eae_slider elementor-section elementor-top-section elementor-element elementor-element-ec382ba elementor-section-boxed elementor-section-height-default elementor-section-height-default\" data-eae-slider=\"50909\" data-id=\"ec382ba\" data-element_type=\"section\" data-e-type=\"section\">\n\t\t\t\t\t\t<div class=\"elementor-container elementor-column-gap-default\">\n\t\t\t\t\t<div class=\"has_eae_slider elementor-column elementor-col-100 elementor-top-column elementor-element elementor-element-41234e1\" data-eae-slider=\"59438\" data-id=\"41234e1\" data-element_type=\"column\" data-e-type=\"column\">\n\t\t\t<div class=\"elementor-widget-wrap elementor-element-populated\">\n\t\t\t\t\t\t<div class=\"elementor-element elementor-element-f7e24bd elementor-widget elementor-widget-heading\" data-id=\"f7e24bd\" data-element_type=\"widget\" data-e-type=\"widget\" data-widget_type=\"heading.default\">\n\t\t\t\t<div class=\"elementor-widget-container\">\n\t\t\t\t\t<h2 class=\"elementor-heading-title elementor-size-default\">Nos v\u00e9hicules sp\u00e9cifiques<\/h2>\t\t\t\t<\/div>\n\t\t\t\t<\/div>\n\t\t\t\t\t<\/div>\n\t\t<\/div>\n\t\t\t\t\t<\/div>\n\t\t<\/section>\n\t\t\t\t<section class=\"has_eae_slider elementor-section elementor-top-section elementor-element elementor-element-7222338 elementor-section-boxed elementor-section-height-default elementor-section-height-default\" data-eae-slider=\"70880\" data-id=\"7222338\" data-element_type=\"section\" data-e-type=\"section\">\n\t\t\t\t\t\t<div class=\"elementor-container elementor-column-gap-default\">\n\t\t\t\t\t<div class=\"has_eae_slider elementor-column elementor-col-50 elementor-top-column elementor-element elementor-element-2fc9995\" data-eae-slider=\"5975\" data-id=\"2fc9995\" data-element_type=\"column\" data-e-type=\"column\">\n\t\t\t<div class=\"elementor-widget-wrap elementor-element-populated\">\n\t\t\t\t\t\t<div class=\"elementor-element elementor-element-5c110f1 elementor-widget elementor-widget-heading\" data-id=\"5c110f1\" data-element_type=\"widget\" data-e-type=\"widget\" data-widget_type=\"heading.default\">\n\t\t\t\t<div class=\"elementor-widget-container\">\n\t\t\t\t\t<h2 class=\"elementor-heading-title elementor-size-default\">Carrosserie sur mesure <\/h2>\t\t\t\t<\/div>\n\t\t\t\t<\/div>\n\t\t\t\t<div class=\"elementor-element elementor-element-1fcb527 elementor-widget elementor-widget-image\" data-id=\"1fcb527\" data-element_type=\"widget\" data-e-type=\"widget\" data-widget_type=\"image.default\">\n\t\t\t\t<div class=\"elementor-widget-container\">\n\t\t\t\t\t\t\t\t\t\t\t\t\t\t\t\t<a href=\"http:\/\/www.inocar.fr\/index.php\/vehicules-amenagement-aubagne-marseille\/vehicules-amenagement-amsreille-aubagne-13\/vehicule-de-pompier\/\" target=\"_blank\">\n\t\t\t\t\t\t\t<img fetchpriority=\"high\" decoding=\"async\" width=\"1024\" height=\"768\" src=\"http:\/\/www.inocar.fr\/wp-content\/uploads\/2019\/07\/specifique-amenagement-vehicule-13-1024x768.jpg\" class=\"elementor-animation-rotate attachment-large size-large wp-image-798\" alt=\"\" srcset=\"http:\/\/www.inocar.fr\/wp-content\/uploads\/2019\/07\/specifique-amenagement-vehicule-13-1024x768.jpg 1024w, http:\/\/www.inocar.fr\/wp-content\/uploads\/2019\/07\/specifique-amenagement-vehicule-13-300x225.jpg 300w, http:\/\/www.inocar.fr\/wp-content\/uploads\/2019\/07\/specifique-amenagement-vehicule-13-768x576.jpg 768w, http:\/\/www.inocar.fr\/wp-content\/uploads\/2019\/07\/specifique-amenagement-vehicule-13.jpg 1100w\" sizes=\"(max-width: 1024px) 100vw, 1024px\" \/>\t\t\t\t\t\t\t\t<\/a>\n\t\t\t\t\t\t\t\t\t\t\t\t\t\t\t<\/div>\n\t\t\t\t<\/div>\n\t\t\t\t\t<\/div>\n\t\t<\/div>\n\t\t\t\t<div class=\"has_eae_slider elementor-column elementor-col-50 elementor-top-column elementor-element elementor-element-3f9650a\" data-eae-slider=\"1349\" data-id=\"3f9650a\" data-element_type=\"column\" data-e-type=\"column\">\n\t\t\t<div class=\"elementor-widget-wrap elementor-element-populated\">\n\t\t\t\t\t\t<div class=\"elementor-element elementor-element-30ccfa6 elementor-widget elementor-widget-heading\" data-id=\"30ccfa6\" data-element_type=\"widget\" data-e-type=\"widget\" data-widget_type=\"heading.default\">\n\t\t\t\t<div class=\"elementor-widget-container\">\n\t\t\t\t\t<h2 class=\"elementor-heading-title elementor-size-default\">Food truck<\/h2>\t\t\t\t<\/div>\n\t\t\t\t<\/div>\n\t\t\t\t<div class=\"elementor-element elementor-element-00e47fe elementor-widget elementor-widget-image\" data-id=\"00e47fe\" data-element_type=\"widget\" data-e-type=\"widget\" data-widget_type=\"image.default\">\n\t\t\t\t<div class=\"elementor-widget-container\">\n\t\t\t\t\t\t\t\t\t\t\t\t\t\t\t\t<a href=\"http:\/\/www.inocar.fr\/index.php\/vehicules-amenagement-aubagne-marseille\/vehicules-amenagement-amsreille-aubagne-13\/vehicule-de-pompier\/\" target=\"_blank\">\n\t\t\t\t\t\t\t<img decoding=\"async\" width=\"1024\" height=\"768\" src=\"http:\/\/www.inocar.fr\/wp-content\/uploads\/2019\/07\/food-truck-camion-amenagement-1024x768.jpg\" class=\"elementor-animation-rotate attachment-large size-large wp-image-799\" alt=\"\" srcset=\"http:\/\/www.inocar.fr\/wp-content\/uploads\/2019\/07\/food-truck-camion-amenagement-1024x768.jpg 1024w, http:\/\/www.inocar.fr\/wp-content\/uploads\/2019\/07\/food-truck-camion-amenagement-300x225.jpg 300w, http:\/\/www.inocar.fr\/wp-content\/uploads\/2019\/07\/food-truck-camion-amenagement-768x576.jpg 768w, http:\/\/www.inocar.fr\/wp-content\/uploads\/2019\/07\/food-truck-camion-amenagement.jpg 1100w\" sizes=\"(max-width: 1024px) 100vw, 1024px\" \/>\t\t\t\t\t\t\t\t<\/a>\n\t\t\t\t\t\t\t\t\t\t\t\t\t\t\t<\/div>\n\t\t\t\t<\/div>\n\t\t\t\t\t<\/div>\n\t\t<\/div>\n\t\t\t\t\t<\/div>\n\t\t<\/section>\n\t\t\t\t<section class=\"has_eae_slider elementor-section elementor-top-section elementor-element elementor-element-072f645 elementor-section-boxed elementor-section-height-default elementor-section-height-default\" data-eae-slider=\"71491\" data-id=\"072f645\" data-element_type=\"section\" data-e-type=\"section\">\n\t\t\t\t\t\t<div class=\"elementor-container elementor-column-gap-default\">\n\t\t\t\t\t<div class=\"has_eae_slider elementor-column elementor-col-50 elementor-top-column elementor-element elementor-element-dafae76\" data-eae-slider=\"42080\" data-id=\"dafae76\" data-element_type=\"column\" data-e-type=\"column\">\n\t\t\t<div class=\"elementor-widget-wrap elementor-element-populated\">\n\t\t\t\t\t\t<div class=\"elementor-element elementor-element-a5a2ae1 elementor-widget elementor-widget-heading\" data-id=\"a5a2ae1\" data-element_type=\"widget\" data-e-type=\"widget\" data-widget_type=\"heading.default\">\n\t\t\t\t<div class=\"elementor-widget-container\">\n\t\t\t\t\t<h2 class=\"elementor-heading-title elementor-size-default\">Am\u00e9nagement int\u00e9rieur  sur mesure <\/h2>\t\t\t\t<\/div>\n\t\t\t\t<\/div>\n\t\t\t\t<div class=\"elementor-element elementor-element-dc12aa0 elementor-widget elementor-widget-image\" data-id=\"dc12aa0\" data-element_type=\"widget\" data-e-type=\"widget\" data-widget_type=\"image.default\">\n\t\t\t\t<div class=\"elementor-widget-container\">\n\t\t\t\t\t\t\t\t\t\t\t\t\t\t\t\t<a href=\"http:\/\/www.inocar.fr\/index.php\/vehicules-amenagement-aubagne-marseille\/vehicules-amenagement-amsreille-aubagne-13\/transport-doxygene-medical\/\" target=\"_blank\">\n\t\t\t\t\t\t\t<img decoding=\"async\" width=\"1024\" height=\"768\" src=\"http:\/\/www.inocar.fr\/wp-content\/uploads\/2019\/07\/amenagement-interieur-specifique-1024x768.jpg\" class=\"elementor-animation-rotate attachment-large size-large wp-image-800\" alt=\"\" srcset=\"http:\/\/www.inocar.fr\/wp-content\/uploads\/2019\/07\/amenagement-interieur-specifique-1024x768.jpg 1024w, http:\/\/www.inocar.fr\/wp-content\/uploads\/2019\/07\/amenagement-interieur-specifique-300x225.jpg 300w, http:\/\/www.inocar.fr\/wp-content\/uploads\/2019\/07\/amenagement-interieur-specifique-768x576.jpg 768w, http:\/\/www.inocar.fr\/wp-content\/uploads\/2019\/07\/amenagement-interieur-specifique.jpg 1100w\" sizes=\"(max-width: 1024px) 100vw, 1024px\" \/>\t\t\t\t\t\t\t\t<\/a>\n\t\t\t\t\t\t\t\t\t\t\t\t\t\t\t<\/div>\n\t\t\t\t<\/div>\n\t\t\t\t\t<\/div>\n\t\t<\/div>\n\t\t\t\t<div class=\"has_eae_slider elementor-column elementor-col-50 elementor-top-column elementor-element elementor-element-ee2855d\" data-eae-slider=\"43852\" data-id=\"ee2855d\" data-element_type=\"column\" data-e-type=\"column\">\n\t\t\t<div class=\"elementor-widget-wrap elementor-element-populated\">\n\t\t\t\t\t\t<div class=\"elementor-element elementor-element-e93b981 elementor-widget elementor-widget-heading\" data-id=\"e93b981\" data-element_type=\"widget\" data-e-type=\"widget\" data-widget_type=\"heading.default\">\n\t\t\t\t<div class=\"elementor-widget-container\">\n\t\t\t\t\t<h2 class=\"elementor-heading-title elementor-size-default\">Cellule de vie<\/h2>\t\t\t\t<\/div>\n\t\t\t\t<\/div>\n\t\t\t\t<div class=\"elementor-element elementor-element-85108d6 elementor-widget elementor-widget-image\" data-id=\"85108d6\" data-element_type=\"widget\" data-e-type=\"widget\" data-widget_type=\"image.default\">\n\t\t\t\t<div class=\"elementor-widget-container\">\n\t\t\t\t\t\t\t\t\t\t\t\t\t\t\t\t<a href=\"http:\/\/www.inocar.fr\/index.php\/vehicules-amenagement-aubagne-marseille\/vehicules-amenagement-amsreille-aubagne-13\/vehicule-de-pompier\/\" target=\"_blank\">\n\t\t\t\t\t\t\t<img loading=\"lazy\" decoding=\"async\" width=\"1024\" height=\"768\" src=\"http:\/\/www.inocar.fr\/wp-content\/uploads\/2019\/07\/vestiaire-espace-de-vie-sur-chassis-cabine-1024x768.jpg\" class=\"elementor-animation-rotate attachment-large size-large wp-image-801\" alt=\"\" srcset=\"http:\/\/www.inocar.fr\/wp-content\/uploads\/2019\/07\/vestiaire-espace-de-vie-sur-chassis-cabine-1024x768.jpg 1024w, http:\/\/www.inocar.fr\/wp-content\/uploads\/2019\/07\/vestiaire-espace-de-vie-sur-chassis-cabine-300x225.jpg 300w, http:\/\/www.inocar.fr\/wp-content\/uploads\/2019\/07\/vestiaire-espace-de-vie-sur-chassis-cabine-768x576.jpg 768w, http:\/\/www.inocar.fr\/wp-content\/uploads\/2019\/07\/vestiaire-espace-de-vie-sur-chassis-cabine.jpg 1100w\" sizes=\"(max-width: 1024px) 100vw, 1024px\" \/>\t\t\t\t\t\t\t\t<\/a>\n\t\t\t\t\t\t\t\t\t\t\t\t\t\t\t<\/div>\n\t\t\t\t<\/div>\n\t\t\t\t\t<\/div>\n\t\t<\/div>\n\t\t\t\t\t<\/div>\n\t\t<\/section>\n\t\t\t\t<section class=\"has_eae_slider elementor-section elementor-top-section elementor-element elementor-element-69f16ae elementor-section-boxed elementor-section-height-default elementor-section-height-default\" data-eae-slider=\"74371\" data-id=\"69f16ae\" data-element_type=\"section\" data-e-type=\"section\">\n\t\t\t\t\t\t<div class=\"elementor-container elementor-column-gap-default\">\n\t\t\t\t\t<div class=\"has_eae_slider elementor-column elementor-col-100 elementor-top-column elementor-element elementor-element-b287623\" data-eae-slider=\"87712\" data-id=\"b287623\" data-element_type=\"column\" data-e-type=\"column\">\n\t\t\t<div class=\"elementor-widget-wrap elementor-element-populated\">\n\t\t\t\t\t\t<div class=\"elementor-element elementor-element-e37160a elementor-widget elementor-widget-heading\" data-id=\"e37160a\" data-element_type=\"widget\" data-e-type=\"widget\" data-widget_type=\"heading.default\">\n\t\t\t\t<div class=\"elementor-widget-container\">\n\t\t\t\t\t<h2 class=\"elementor-heading-title elementor-size-default\">V\u00e9hicule atelier<\/h2>\t\t\t\t<\/div>\n\t\t\t\t<\/div>\n\t\t\t\t<div class=\"elementor-element elementor-element-83d393a elementor-widget elementor-widget-image\" data-id=\"83d393a\" data-element_type=\"widget\" data-e-type=\"widget\" data-widget_type=\"image.default\">\n\t\t\t\t<div class=\"elementor-widget-container\">\n\t\t\t\t\t\t\t\t\t\t\t\t\t\t\t\t<a href=\"http:\/\/www.inocar.fr\/index.php\/vehicules-amenagement-aubagne-marseille\/vehicules-amenagement-amsreille-aubagne-13\/vehicule-de-pompier\/\" target=\"_blank\">\n\t\t\t\t\t\t\t<img loading=\"lazy\" decoding=\"async\" width=\"768\" height=\"576\" src=\"http:\/\/www.inocar.fr\/wp-content\/uploads\/2019\/07\/vehicule-atelier-sur-chassis-cabine-768x576.jpg\" class=\"elementor-animation-rotate attachment-medium_large size-medium_large wp-image-849\" alt=\"\" srcset=\"http:\/\/www.inocar.fr\/wp-content\/uploads\/2019\/07\/vehicule-atelier-sur-chassis-cabine-768x576.jpg 768w, http:\/\/www.inocar.fr\/wp-content\/uploads\/2019\/07\/vehicule-atelier-sur-chassis-cabine-300x225.jpg 300w, http:\/\/www.inocar.fr\/wp-content\/uploads\/2019\/07\/vehicule-atelier-sur-chassis-cabine-1024x768.jpg 1024w, http:\/\/www.inocar.fr\/wp-content\/uploads\/2019\/07\/vehicule-atelier-sur-chassis-cabine.jpg 1100w\" sizes=\"(max-width: 768px) 100vw, 768px\" \/>\t\t\t\t\t\t\t\t<\/a>\n\t\t\t\t\t\t\t\t\t\t\t\t\t\t\t<\/div>\n\t\t\t\t<\/div>\n\t\t\t\t\t<\/div>\n\t\t<\/div>\n\t\t\t\t\t<\/div>\n\t\t<\/section>\n\t\t\t\t<\/div>\n\t\t","protected":false},"excerpt":{"rendered":"<p>Nos v\u00e9hicules sp\u00e9cifiques Carrosserie sur mesure Food truck Am\u00e9nagement int\u00e9rieur sur mesure Cellule de vie V\u00e9hicule atelier<\/p>\n","protected":false},"author":5,"featured_media":0,"parent":13,"menu_order":0,"comment_status":"open","ping_status":"open","template":"","meta":{"ocean_post_layout":"","ocean_both_sidebars_style":"","ocean_both_sidebars_content_width":0,"ocean_both_sidebars_sidebars_width":0,"ocean_sidebar":"0","ocean_second_sidebar":"0","ocean_disable_margins":"enable","ocean_add_body_class":"","ocean_shortcode_before_top_bar":"","ocean_shortcode_after_top_bar":"","ocean_shortcode_before_header":"","ocean_shortcode_after_header":"","ocean_has_shortcode":"","ocean_shortcode_after_title":"","ocean_shortcode_before_footer_widgets":"","ocean_shortcode_after_footer_widgets":"","ocean_shortcode_before_footer_bottom":"","ocean_shortcode_after_footer_bottom":"","ocean_display_top_bar":"default","ocean_display_header":"default","ocean_header_style":"","ocean_center_header_left_menu":"","ocean_custom_header_template":"","ocean_custom_logo":0,"ocean_custom_retina_logo":0,"ocean_custom_logo_max_width":0,"ocean_custom_logo_tablet_max_width":0,"ocean_custom_logo_mobile_max_width":0,"ocean_custom_logo_max_height":0,"ocean_custom_logo_tablet_max_height":0,"ocean_custom_logo_mobile_max_height":0,"ocean_header_custom_menu":"0","ocean_menu_typo_font_family":"","ocean_menu_typo_font_subset":"","ocean_menu_typo_font_size":0,"ocean_menu_typo_font_size_tablet":0,"ocean_menu_typo_font_size_mobile":0,"ocean_menu_typo_font_size_unit":"px","ocean_menu_typo_font_weight":"","ocean_menu_typo_font_weight_tablet":"","ocean_menu_typo_font_weight_mobile":"","ocean_menu_typo_transform":"","ocean_menu_typo_transform_tablet":"","ocean_menu_typo_transform_mobile":"","ocean_menu_typo_line_height":0,"ocean_menu_typo_line_height_tablet":0,"ocean_menu_typo_line_height_mobile":0,"ocean_menu_typo_line_height_unit":"","ocean_menu_typo_spacing":0,"ocean_menu_typo_spacing_tablet":0,"ocean_menu_typo_spacing_mobile":0,"ocean_menu_typo_spacing_unit":"","ocean_menu_link_color":"","ocean_menu_link_color_hover":"","ocean_menu_link_color_active":"","ocean_menu_link_background":"","ocean_menu_link_hover_background":"","ocean_menu_link_active_background":"","ocean_menu_social_links_bg":"","ocean_menu_social_hover_links_bg":"","ocean_menu_social_links_color":"","ocean_menu_social_hover_links_color":"","ocean_disable_title":"default","ocean_disable_heading":"default","ocean_post_title":"","ocean_post_subheading":"","ocean_post_title_style":"","ocean_post_title_background_color":"","ocean_post_title_background":0,"ocean_post_title_bg_image_position":"","ocean_post_title_bg_image_attachment":"","ocean_post_title_bg_image_repeat":"","ocean_post_title_bg_image_size":"","ocean_post_title_height":0,"ocean_post_title_bg_overlay":0.5,"ocean_post_title_bg_overlay_color":"","ocean_disable_breadcrumbs":"default","ocean_breadcrumbs_color":"","ocean_breadcrumbs_separator_color":"","ocean_breadcrumbs_links_color":"","ocean_breadcrumbs_links_hover_color":"","ocean_display_footer_widgets":"default","ocean_display_footer_bottom":"default","ocean_custom_footer_template":"","footnotes":""},"class_list":["post-74","page","type-page","status-publish","hentry","entry"],"_links":{"self":[{"href":"http:\/\/www.inocar.fr\/index.php\/wp-json\/wp\/v2\/pages\/74","targetHints":{"allow":["GET"]}}],"collection":[{"href":"http:\/\/www.inocar.fr\/index.php\/wp-json\/wp\/v2\/pages"}],"about":[{"href":"http:\/\/www.inocar.fr\/index.php\/wp-json\/wp\/v2\/types\/page"}],"author":[{"embeddable":true,"href":"http:\/\/www.inocar.fr\/index.php\/wp-json\/wp\/v2\/users\/5"}],"replies":[{"embeddable":true,"href":"http:\/\/www.inocar.fr\/index.php\/wp-json\/wp\/v2\/comments?post=74"}],"version-history":[{"count":36,"href":"http:\/\/www.inocar.fr\/index.php\/wp-json\/wp\/v2\/pages\/74\/revisions"}],"predecessor-version":[{"id":1098,"href":"http:\/\/www.inocar.fr\/index.php\/wp-json\/wp\/v2\/pages\/74\/revisions\/1098"}],"up":[{"embeddable":true,"href":"http:\/\/www.inocar.fr\/index.php\/wp-json\/wp\/v2\/pages\/13"}],"wp:attachment":[{"href":"http:\/\/www.inocar.fr\/index.php\/wp-json\/wp\/v2\/media?parent=74"}],"curies":[{"name":"wp","href":"https:\/\/api.w.org\/{rel}","templated":true}]}}